{"id":59,"date":"2016-02-20T15:11:17","date_gmt":"2016-02-20T14:11:17","guid":{"rendered":"http:\/\/www.yogafuermich.ch\/?page_id=59"},"modified":"2024-09-11T09:31:46","modified_gmt":"2024-09-11T07:31:46","slug":"herzlich-willkommen","status":"publish","type":"page","link":"https:\/\/www.yogafuermich.ch\/","title":{"rendered":"Willkommen"},"content":{"rendered":"<p><strong>YOGA f\u00fcr mich. Steht f\u00fcr K\u00f6rper, Geist und Herz und bedeutet ganzheitliche Gesundheitsf\u00f6rderung und H E R Z E N S &#8211; Momente erleben.\u00a0<\/strong><strong><br \/><\/strong><\/p>\n<p>Ich unterrichte Hatha Yoga, Yin Yoga und R\u00fcckbildung mit Herz und Einf\u00fchlungsverm\u00f6gen.<br \/><br \/>(Dipl. Yogalehrerin YCH\/EYU, 4-j\u00e4hrige Ausbildung mit Diplom Yoga Schweiz, Lotos Yoga, 720h (+ 800h Selbststudium), Zert. Yin Yoga Lehrerin, Beckenbodentrainerin und zertifizierte Kursleiterin f\u00fcr R\u00fcckbildung).<\/p>\n<p>Folgende Kurse biete ich an <strong>Hatha Yoga, Yin Yoga, Yoga in seiner Vielfalt, Yoga Einzelunterricht und R\u00fcckbildung<\/strong>.<\/p>\n<p><em>&#8222;Yoga bedeutet innere Stille und tiefe Konzentration, ein Zustand, in dem die Wellen des Gem\u00fcts (Gedanken, Gef\u00fchle, Erinnerungen, Absichten etc.) zur Ruhe gekommen sind. Die Erfahrung von Stille und Leere jenseits aller Gedanken und Gef\u00fchle. Gleichzeitig bezeichnet &#8222;Yoga&#8220; auch eine Reihe von Techniken und \u00dcbungen, die helfen sollen, diesen inneren Zustand zu erreichen.&#8220;<br \/><\/em><em style=\"font-size: inherit;\">(Dr. Claudia Guggenb\u00fchl, Indologin)<\/em><\/p>\n<p><strong>\u00dcben vor Ort oder via Live-Streaming<br \/><\/strong>Die Yoga Stunden werden live \u00fcbertragen. Du kannst bequem von zu Hause aus mit praktizieren. Weitere Informationen unter Kursdaten.<\/p>\n\n\n<figure class=\"wp-block-image size-large is-resized\"><img loading=\"lazy\" decoding=\"async\" width=\"791\" height=\"1024\" src=\"https:\/\/www.yogafuermich.ch\/wp-content\/uploads\/2023\/01\/YCH_LABEL_Teacher_L_RGB-791x1024.jpg\" alt=\"\" class=\"wp-image-677\" style=\"width:176px;height:228px\" srcset=\"https:\/\/www.yogafuermich.ch\/wp-content\/uploads\/2023\/01\/YCH_LABEL_Teacher_L_RGB-791x1024.jpg 791w, https:\/\/www.yogafuermich.ch\/wp-content\/uploads\/2023\/01\/YCH_LABEL_Teacher_L_RGB-232x300.jpg 232w, https:\/\/www.yogafuermich.ch\/wp-content\/uploads\/2023\/01\/YCH_LABEL_Teacher_L_RGB.jpg 960w\" sizes=\"(max-width: 791px) 100vw, 791px\" \/><\/figure>\n\n\n\n<figure class=\"wp-block-image is-resized\"><a href=\"https:\/\/www.instagram.com\/michele.lischer\/\" target=\"_blank\" rel=\"noopener noreferrer\"><img loading=\"lazy\" decoding=\"async\" width=\"920\" height=\"919\" src=\"https:\/\/www.yogafuermich.ch\/wp-content\/uploads\/2023\/01\/instagram-logo-tiny-1.png\" alt=\"\" class=\"wp-image-755\" style=\"width:50px;height:50px\" srcset=\"https:\/\/www.yogafuermich.ch\/wp-content\/uploads\/2023\/01\/instagram-logo-tiny-1.png 920w, https:\/\/www.yogafuermich.ch\/wp-content\/uploads\/2023\/01\/instagram-logo-tiny-1-300x300.png 300w, https:\/\/www.yogafuermich.ch\/wp-content\/uploads\/2023\/01\/instagram-logo-tiny-1-150x150.png 150w, https:\/\/www.yogafuermich.ch\/wp-content\/uploads\/2023\/01\/instagram-logo-tiny-1-350x350.png 350w\" sizes=\"(max-width: 920px) 100vw, 920px\" \/><\/a><\/figure>\n\n\n\n<p><a href=\"https:\/\/www.instagram.com\/michele.lischer\/\" target=\"_blank\" rel=\"noreferrer noopener\">Folge mir auf Instagram<\/a><\/p>\n\n\n\n<p><\/p>\n","protected":false},"excerpt":{"rendered":"<p>YOGA f\u00fcr mich. Steht f\u00fcr K\u00f6rper, Geist und Herz und bedeutet ganzheitliche Gesundheitsf\u00f6rderung und H E R Z E N S &#8211; Momente erleben.\u00a0 Ich unterrichte Hatha Yoga, Yin Yoga und R\u00fcckbildung mit Herz und Einf\u00fchlungsverm\u00f6gen. (Dipl. Yogalehrerin YCH\/EYU, 4-j\u00e4hrige Ausbildung mit Diplom Yoga Schweiz, Lotos Yoga, 720h (+ 800h Selbststudium), Zert. Yin Yoga Lehrerin,&#8230;<\/p>\n<p><span class=\"mina-olen-read-more\"><a href=\"https:\/\/www.yogafuermich.ch\/\" class=\"more-link\">Read more <span class=\"screen-reader-text\">Willkommen<\/span><\/a><\/span><\/p>\n","protected":false},"author":1,"featured_media":0,"parent":0,"menu_order":0,"comment_status":"closed","ping_status":"closed","template":"","meta":{"footnotes":""},"class_list":["entry","author-adminbeatrice","post-59","page","type-page","status-publish"],"aioseo_notices":[],"_links":{"self":[{"href":"https:\/\/www.yogafuermich.ch\/index.php?rest_route=\/wp\/v2\/pages\/59"}],"collection":[{"href":"https:\/\/www.yogafuermich.ch\/index.php?rest_route=\/wp\/v2\/pages"}],"about":[{"href":"https:\/\/www.yogafuermich.ch\/index.php?rest_route=\/wp\/v2\/types\/page"}],"author":[{"embeddable":true,"href":"https:\/\/www.yogafuermich.ch\/index.php?rest_route=\/wp\/v2\/users\/1"}],"replies":[{"embeddable":true,"href":"https:\/\/www.yogafuermich.ch\/index.php?rest_route=%2Fwp%2Fv2%2Fcomments&post=59"}],"version-history":[{"count":58,"href":"https:\/\/www.yogafuermich.ch\/index.php?rest_route=\/wp\/v2\/pages\/59\/revisions"}],"predecessor-version":[{"id":947,"href":"https:\/\/www.yogafuermich.ch\/index.php?rest_route=\/wp\/v2\/pages\/59\/revisions\/947"}],"wp:attachment":[{"href":"https:\/\/www.yogafuermich.ch\/index.php?rest_route=%2Fwp%2Fv2%2Fmedia&parent=59"}],"curies":[{"name":"wp","href":"https:\/\/api.w.org\/{rel}","templated":true}]}}